{"id":313,"date":"2020-09-19T01:54:41","date_gmt":"2020-09-18T22:54:41","guid":{"rendered":"https:\/\/www.stilesuite.com\/marine\/?page_id=313"},"modified":"2024-02-22T18:06:59","modified_gmt":"2024-02-22T15:06:59","slug":"mesafeli-satis-sozlesmesi-ve-iptal-politikasi","status":"publish","type":"page","link":"https:\/\/www.stilesuite.com\/marine\/mesafeli-satis-sozlesmesi-ve-iptal-politikasi\/","title":{"rendered":"Mesafeli Sat\u0131\u015f S\u00f6zle\u015fmesi Ve \u0130ptal Politikas\u0131"},"content":{"rendered":"<p><strong>MADDE\u00a0 1\u00a0 \/ TARAFLAR<\/strong><\/p>\n<p>1.1.\u0130\u015fbu s\u00f6zle\u015fme bir tarafta 640 sokak no 7 Arapsuyu mah.Konyaalt\u0131 \/ ANTALYA\u00a0 adresinde yerle\u015fik 0 242 999 04 24 telefon numaras\u0131\u00a0 ve ANTALYA KURUMLAR V.D.7640367426 numaras\u0131na sahip SERTO\u011eLU \u00d6ZEL SA\u011eLIK H\u0130Z.MED\u0130KAL \u00dcR\u00dcN.EMLAK YAT.\u0130N\u015e.TAAH.TUR\u0130ZM SAN.T\u0130C.LTD.\u015eT\u0130 . ile di\u011fer bir tarafta sistemi kullanarak rezervasyon yapan, t\u00fcm ki\u015fisel bilgilerini girmek ve onaylamak suretiyle a\u015fa\u011f\u0131daki \u015fartlar\u0131 pe\u015finen kabul eden,ismi ve bilgisayar IP no.su rezervasyon formunda\u00a0 TC numaras\u0131 bulunan m\u00fc\u015fteri \/ kullan\u0131c\u0131 ile (bundan b\u00f6yle m\u00fc\u015fteri olarak an\u0131lacakt\u0131r) aras\u0131nda vuku bulmu\u015ftur.<\/p>\n<p><strong>MADDE 2 \/ KONU<\/strong><\/p>\n<p>2.1 \u0130\u015fbu s\u00f6zle\u015fme M\u00fc\u015fterinin otel vas\u0131tas\u0131 ile a\u015fa\u011f\u0131daki voucherda a\u00e7\u0131klanan ko\u015fullar \u00e7er\u00e7evesinde \u00fcr\u00fcn\/hizmet al\u0131m\u0131 \u00e7er\u00e7evesindeki rezervasyonunu i\u00e7erir.<\/p>\n<p>S\u00f6zle\u015fme bedelinde fiyat art\u0131\u015f\u0131 olmas\u0131 halinde, ilave olarak aradaki fark t\u00fcketiciden talep edilmeyece\u011fi gibi, tesis taraf\u0131ndan aksiyon olarak adland\u0131r\u0131lan indirimlerin de t\u00fcketiciye iadesi s\u00f6z konusu de\u011fildir.<\/p>\n<p><strong>MADDE 3 \/ S\u00d6ZLE\u015eME BEDEL\u0130 VE \u00d6DEME<\/strong><\/p>\n<p>3.1.S\u00f6zle\u015fme bedeline KDV dahildir.<\/p>\n<p>3.2.Sistemde otel geceleme fiyatlar\u0131 ve di\u011fer ekstralar TL olup vergiler dahildir.<\/p>\n<p>3.3.S\u00f6zle\u015fme bedeline, rezervasyonda belirtilen t\u00fcm hizmetler dahildir. Belirtilmemi\u015f hizmetler ve otelde al\u0131nacak ekstra \u00fcr\u00fcn ve hizmetler ayr\u0131 \u00fccrete tabidir. Bu ekstralar otel \u00e7\u0131k\u0131\u015f\u0131nda \u00f6denir.<\/p>\n<p>3.4 \u00dcr\u00fcn sat\u0131n alan m\u00fc\u015fteri, rezervasyon i\u015flemini ger\u00e7ekle\u015ftirdi\u011fi s\u0131rada hizmet bedelinin tamam\u0131n\u0131 \u00f6demekle y\u00fck\u00fcml\u00fcd\u00fcr. \u00d6demenin tamam\u0131 yap\u0131lmadan rezervasyon kesinle\u015fmez.<\/p>\n<p>3.5.Yurt d\u0131\u015f\u0131ndan \u00e7a\u011fr\u0131 merkezi veya internet arac\u0131l\u0131\u011f\u0131 ile rezervasyon yapan m\u00fc\u015fteriler rezervasyonlar\u0131n\u0131 d\u00f6viz baz\u0131nda \u00f6derler. Faturalar\u0131, konaklama\u00a0 ger\u00e7ekle\u015ftikten sonra \u00e7\u0131k\u0131\u015f g\u00fcn\u00fc TCM Bankas\u0131 d\u00f6viz al\u0131\u015f\u00a0 kurundan TL olarak tanzim olur.<\/p>\n<p>Konaklama tarihleri y\u0131lba\u015f\u0131, s\u00f6mestre, bayram d\u00f6nemi gibi \u00f6zel d\u00f6nemler ve kampanyalar dahilinde olu\u015fturulmu\u015f bir d\u00f6nem dahilinde ise; s\u00f6zle\u015fmenin 5.2 maddeleri ge\u00e7erli de\u011fildir.<\/p>\n<p>Bu durumda m\u00fc\u015fterinin iptal, iade hakk\u0131 bulunmamaktad\u0131r.<\/p>\n<p>3.6.\u0130nternetten veya \u00e7a\u011fr\u0131 merkezinden yap\u0131lan rezervasyonlarda onay-fatura teslimat\u0131 ST\u0130LE SU\u0130TE HOTEL \u00a0taraf\u0131ndan a\u015fa\u011f\u0131daki \u015fekilde yap\u0131lmaktad\u0131r.<\/p>\n<p>3.7.An\u0131nda Rezervasyon Teyidi ve \u00d6deme Makbuzu:<\/p>\n<p>Rezervasyon onay\u0131 ve \u00f6deme makbuzu sistemin son a\u015famas\u0131nda bilgisayardan yazd\u0131rmak suretiyle m\u00fc\u015fteri taraf\u0131ndan al\u0131nabilecek ve ayn\u0131 zamanda m\u00fc\u015fteri taraf\u0131ndan verilen e-mail adresine g\u00f6nderilecektir.<\/p>\n<p>3.8.Yap\u0131lmas\u0131 gereken iadelerde, rezervasyon i\u00e7in kullan\u0131lan kredi kart\u0131na veya m\u00fc\u015fteri banka hesab\u0131na 30 g\u00fcn i\u00e7erisinde \u00f6deme yap\u0131l\u0131r.<\/p>\n<p><strong>MADDE 4\/ UYGULAMA<\/strong><\/p>\n<p>4.1.Otel y\u00f6neticisinden yaz\u0131l\u0131 izin al\u0131nmad\u0131k\u00e7a kokan, akan, yan\u0131c\u0131 veya patlay\u0131c\u0131 vas\u0131flar\u0131 olan veya \u00e7evresine rahats\u0131zl\u0131k veren e\u015fyalar ile kesici, delici ve ate\u015fli silahlar\u0131n tesislere sokulmas\u0131 yasakt\u0131r.<\/p>\n<p>4.2.Otele giri\u015f saati t\u00fcm m\u00fc\u015fteriler i\u00e7in 14:00 d\u0131r. Saat 14:00 dan \u00f6nce giri\u015f yap\u0131ld\u0131\u011f\u0131 takdirde m\u00fc\u015fteri odas\u0131n\u0131n haz\u0131rlanmas\u0131n\u0131 bekleyebilir.<\/p>\n<p>Otelden \u00e7\u0131k\u0131\u015f saati en ge\u00e7 12.00 d\u0131r. M\u00fc\u015fteri oday\u0131 saat 12.00 dan \u00f6nce terk etmek zorundad\u0131r.Herhangi bir sebepten dolay\u0131 bo\u015faltmazsa otelin u\u011frayaca\u011f\u0131 zarar\u0131\u00a0 kar\u015f\u0131lamak zorundad\u0131r.<\/p>\n<p>4.3.M\u00fc\u015fteri konaklama s\u0131ras\u0131nda otelde bulunan demirba\u015flara veya ortak alanlardaki demirba\u015flara verdi\u011fi zararlardan ve dolay\u0131s\u0131yla zararlar\u0131n gideriminden sorumlu oldu\u011funu pe\u015finen kabul etmi\u015ftir.<\/p>\n<p><strong>MADDE 5 \/ \u0130PTAL POL\u0130T\u0130KALARI<\/strong><\/p>\n<p>5.1.M\u00fc\u015fteri rezervasyon yapt\u0131\u011f\u0131 tarihler aras\u0131nda konaklama yapacakt\u0131r .M\u00fc\u015fteri konaklama s\u00fcresini uzatmak isterse, \u00e7\u0131k\u0131\u015f tarihinden en ge\u00e7 1 g\u00fcn evvel talebini otele yapar. Otelin uygun odas\u0131 mevcut ise, m\u00fc\u015fteri g\u00fcncel fiyatlardan \u00f6demesini yapt\u0131ktan sonra konaklama s\u00fcresi uzat\u0131l\u0131r. Aksi taktirde m\u00fc\u015fteri, oteli rezervasyon yapt\u0131\u011f\u0131 tarihin sonunda, saat 12.00 de terk etmek durumundad\u0131r.<\/p>\n<p>5.2.Yaz\u0131l\u0131 ve s\u00f6zl\u00fc olarak yap\u0131lan rezervasyonlar m\u00fc\u015fteri taraf\u0131ndan \u00a0ST\u0130LE SU\u0130TE HOTEL sistemi kullan\u0131larak veya m\u00fc\u015fteri taraf\u0131ndan telefon yolu ile iptal edilebilir. \u0130ptal i\u015fleminde a\u015fa\u011f\u0131da belirtilmi\u015f olan periyot, miktar ve kurallarda kesinti yap\u0131lacakt\u0131r. Bu iptal ceza bedeli, rezervasyon bedelinin %100\u2019\u00fcne kadar \u00e7\u0131kabilmektedir.<\/p>\n<p>\u0130ptal i\u015flemi sadece m\u00fc\u015fteriye sistem taraf\u0131ndan daha \u00f6nce rezervasyon a\u015famas\u0131nda verilen \u00f6zel bir rezervasyon \/ voucher numaras\u0131 ve \u015fahsi bilgilerin do\u011fru girilmesi ile ger\u00e7ekle\u015ftirilebilir. Bu numara m\u00fc\u015fteriye ona \u00f6zel olarak tayin edilmektedir ve m\u00fc\u015fteri g\u00fcvenli\u011fi a\u00e7\u0131s\u0131ndan sadece m\u00fc\u015fteri bilgisi i\u00e7in verilmektedir. Bu numara ile rezervasyon iptali sisteme girilerek yap\u0131labilece\u011finden bu numaran\u0131n gizlili\u011fi ve saklanmas\u0131 m\u00fc\u015fterinin sorumlulu\u011fundad\u0131r.<\/p>\n<p>\u0130ptal Periyotlar\u0131 ve Kesinti Miktarlar\u0131 (Tesis taraf\u0131ndan aksi belirtilmedik\u00e7e)<\/p>\n<p>-Otele giri\u015f tarihinden 30-15 \u00a0g\u00fcn kala yap\u0131lan iptal durumunda %50 si<\/p>\n<p>-Otele giri\u015f tarihinden 14 \u00a0\u00a0g\u00fcn kala yap\u0131lan iptal durumunda % 100<\/p>\n<p>Konaklama ba\u015flad\u0131ktan sonra m\u00fc\u015fteri herhangi bir sebeple ST\u0130LE SU\u0130TE HOTEL \u2019den herhangi bir iade talebinde bulunamayaca\u011f\u0131n\u0131 kabul ve taahh\u00fct eder.<\/p>\n<p>5.3.Otel gerekli g\u00f6rd\u00fc\u011f\u00fc durumlarda t\u00fcketiciye de bildirmek kayd\u0131yla ilan etti\u011fi veya kay\u0131t ald\u0131\u011f\u0131 otel rezervasyonunu ba\u015flang\u0131\u00e7 tarihinden 7 g\u00fcn \u00f6ncesine kadar k\u0131smen veya tamamen de\u011fi\u015ftirebilir veya iptal edebilir. M\u00fc\u015fteri bu de\u011fi\u015fiklik ve iptali kabul etmedi\u011fi takdirde rezervasyon iptal edilip \u00a0m\u00fc\u015fterinin \u00f6dedi\u011fi \u00fccretin tamam\u0131 m\u00fc\u015fteriye iade edilir. Bu durumda m\u00fc\u015fterinin tazminat hakk\u0131 do\u011fmaz.<\/p>\n<p>5.4.M\u00fc\u015fteri, rezervasyonunu kendisinin veya 1.derecede akrabalar\u0131n\u0131n 10 g\u00fcnl\u00fck mutad i\u015ftigaline engel rahats\u0131zl\u0131klar\u0131n\u0131 ve \u00f6l\u00fcmlerini tam te\u015fekk\u00fcll\u00fc devlet hastanesinden al\u0131nacak resmi bir rapor ile belgelemeleri halleri d\u0131\u015f\u0131nda kalan bir sebep ile iptal talep etmesi halinde yukar\u0131da belirtilmi\u015f olan kesintileri kabul eder.<\/p>\n<p>5.5.M\u00fc\u015fteri, rezervasyonunu kendisinin veya 1.derecede akrabalar\u0131n\u0131n 10 g\u00fcnl\u00fck mutat i\u015ftigaline engel rahats\u0131zl\u0131klar\u0131n\u0131 ve \u00f6l\u00fcmlerini tam te\u015fekk\u00fcll\u00fc devlet hastanesinden al\u0131nacak resmi bir rapor ile belgelemeleri halleri d\u0131\u015f\u0131nda kalan bir sebep ile rezervasyon tarihinin ba\u015flamas\u0131ndan 15 g\u00fcn \u00f6ncesine kadar DE\u011e\u0130\u015e\u0130KL\u0130K talep etmesi halinde 100 TL i\u015flem \u00fccretini \u00f6demeyi kabul ve taahh\u00fct eder.Bu hususta TURSAB mevzuat\u0131 ve Uluslararas\u0131 NO-SHOW kurallar\u0131n\u0131 taraflar kabul eder.<\/p>\n<p>5.6.M\u00fc\u015fteri, yapt\u0131rd\u0131\u011f\u0131 otel rezervasyonunu, konaklama tarihinin ba\u015flamas\u0131ndan 15 g\u00fcn \u00f6ncesine kadar istedi\u011fi ki\u015fiye devredebilir. Devir alan m\u00fc\u015fteri bakiyeden ve devir sebebiyle do\u011fan masraflardan devreden ile m\u00fcteselsilden sorumludur.<\/p>\n<p><strong>MADDE 6\/ M\u00dcCB\u0130R SEBEPLER<\/strong><\/p>\n<p>6.1.\u0130\u015fbu s\u00f6zle\u015fmede belirtilen Otel rezervasyonu tarihleri aras\u0131nda, ba\u015flang\u0131c\u0131nda veya \u00f6ncesinde meydana gelebilecek do\u011fal afetler, toplumsal olaylar, uluslar aras\u0131 ili\u015fkiler, teknik ar\u0131zalar, grev ve protesto\u00a0 gibi sebeplerle otelin hizmetinin eksik olmas\u0131 veya hizmet verememesi durumlar\u0131ndan tesis sorumlu tutulamaz.<\/p>\n<p><strong>MADDE 7\/ D\u0130\u011eER H\u00dcK\u00dcMLER<\/strong><\/p>\n<p>7.1.\u0130\u015fbu s\u00f6zle\u015fme, m\u00fcnhas\u0131ran otel rezervasyonuna ili\u015fkin olup tesis m\u00fc\u015fterinin kesin rezervasyon talebini alarak bu s\u00f6zle\u015fmeyi imzas\u0131n\u0131 m\u00fcteakip, b\u00fcnyesi\u00a0 nezdinde m\u00fc\u015fterinin kesin rezervasyonunu ger\u00e7ekle\u015ftirerek rezervasyon teyidini vermekle, s\u00f6zle\u015fme m\u00fckellefiyetini yerine getirmi\u015f olur.<\/p>\n<p>Tesis ile ilgili herhangi bir problemin mevcudiyetinde, m\u00fc\u015fteri, konaklamada do\u011facak evsaf de\u011fi\u015fiklikleri veya eksiklikleri hususunda, yaln\u0131zca konaklama tesisi i\u015fletmecisine m\u00fcracaat edece\u011fini, kabul ve taahh\u00fct eder.<\/p>\n<p>7.2.M\u00fc\u015fteri konaklama esnas\u0131nda herhangi bir durumdan dolay\u0131 \u015fikayet\u00e7i olmas\u0131 halinde, hizmeti k\u0131smen veya sonuna kadar kullanmas\u0131 durumunda, herhangi bir tazminat veya bedel iadesi talep etmemeyi kabul eder.<\/p>\n<p>7.3.M\u00fc\u015fteri \u015fikayet\u00e7i oldu\u011fu hususlar\u0131 hizmetin ifas\u0131 s\u0131ras\u0131nda yaz\u0131l\u0131 olarak yetkiliye bildirmesi iyi niyetli m\u00fc\u015fterinin \u00f6zen borcudur. M\u00fc\u015fteri \u015fikayet\u00e7i oldu\u011fu halde hizmeti tesis yetkililerine bildirmeden sonuna kadar kullanmas\u0131, \u015fikayet konular\u0131 ile ilgili hizmet ve bedel iadesi gibi haklar\u0131n\u0131 ortadan kald\u0131r\u0131r.<\/p>\n<p>7.4.M\u00fc\u015fteri otel hakk\u0131nda her t\u00fcrl\u00fc bilgiyi internet sitesinden ( www.stilesuite.com\/marine hotel ) ve telefonla ald\u0131ktan sonra bu s\u00f6zle\u015fmeyi okuyarak imzalad\u0131\u011f\u0131n\u0131 kabul eder.Otelde ald\u0131\u011f\u0131 hizmet eksikli\u011fi ve ay\u0131pl\u0131 maldan dolay\u0131 do\u011facak \u015fikayetlerinde kendisine sunulmu\u015f bilgiler temel olu\u015fturacakt\u0131r.<\/p>\n<p>7.5.M\u00fc\u015fteri bu otel rezervasyonu s\u00f6zle\u015fmesini, her hangi bir sebepten dolay\u0131 imzalayamam\u0131\u015f olsa dahi bu s\u00f6zle\u015fme \u015fartlar\u0131n\u0131, internet sitesi,ilanlar veya belirtti\u011fi mail adresine yollanan e-posta ile \u00f6\u011frenmi\u015f olup, s\u00f6zle\u015fme h\u00fck\u00fcmlerini kabul etmi\u015f say\u0131l\u0131r.<\/p>\n<p>7.6.S\u00f6zle\u015fmenin t\u00fcketicide kalan kopyas\u0131 ile otelde otelde kalan kopyas\u0131 aras\u0131nda \u00e7eli\u015fki olursa otelde kalan kopya kay\u0131tlar\u0131 esas al\u0131nacakt\u0131r. Taraflar aras\u0131nda her t\u00fcrl\u00fc e-posta, faks mesajla\u015fmalar\u0131 kat\u2019i delil niteli\u011finde say\u0131lacak olup, \u015firket kay\u0131tlar\u0131 esas te\u015fkil edecektir.Taraflar bildirdikleri adreslerinin ve telefonlar\u0131n\u0131n her t\u00fcrl\u00fc ileti\u015fim ve tebli\u011fe yarar adresleri \u00a0ve telefonlar\u0131 oldu\u011funu kabul etmi\u015f olup, bu adres ve telefonlarda herhangi bir de\u011fi\u015fikli\u011fin di\u011fer tarafa yaz\u0131l\u0131 bildirimi yap\u0131lmad\u0131\u011f\u0131 m\u00fcddet\u00e7e, bildirilen adres ve telefonlara yap\u0131lacak her t\u00fcrl\u00fc tebli\u011f ve bildirimlerin kendilerine yap\u0131lm\u0131\u015f olaca\u011f\u0131n\u0131 kabul beyan eder.<\/p>\n<p>7.7.M\u00fc\u015fteri dilerse konaklama hizmeti ba\u015flamadan evvel kaza ve hastal\u0131k halinde \u00e7\u0131k\u0131\u015f noktas\u0131na d\u00f6n\u00fc\u015f masraflar\u0131 ile her t\u00fcrl\u00fc kazadan dan\u00a0 zarar ile masraflar\u0131 i\u00e7in sigorta yapt\u0131rabilir.<\/p>\n<p>7.8.Tesise giri\u015fte kimlik ve ya\u015f kontrol\u00fc yap\u0131lmaktad\u0131r. Yanl\u0131\u015f veya eksik beyan halindeki bildirimlerden dolay\u0131 arada fark do\u011far ise otele\u00a0 giri\u015f an\u0131nda otel taraf\u0131ndan tahsil edilir.<\/p>\n<p>7.9.Erken rezervasyon d\u00f6nemi i\u00e7erisinde Madde 5\u2019te yaz\u0131l\u0131 olan s\u00fcreler ge\u00e7erli de\u011fildir.<\/p>\n<p>7.10.Erken rezervasyon d\u00f6nemi ve\/veya t\u00fcm d\u00f6nemlere ait (sistem kaynakl\u0131 yanl\u0131\u015fl\u0131klar haricinde) fiyat art\u0131\u015flar\u0131nda ilave olarak aradaki fark m\u00fc\u015fteriden talep edilmedi\u011fi gibi tesis taraf\u0131ndan aksiyon olarak adland\u0131r\u0131lan indirimlerde de iade s\u00f6z konusu de\u011fildir.<\/p>\n<p>7.11.Otel m\u00fc\u015fterinin kendisine verdi\u011fi mail adresine, posta adresine ve cep telefonlar\u0131na kampanyalar\u0131 ve bildirimleri g\u00f6nderebilir. Bu s\u00f6zle\u015fmedeki \u00a0imza ile otel m\u00fc\u015fteriden g\u00f6nderim iznini alm\u0131\u015f olmaktad\u0131r.<\/p>\n<p>7.12.M\u00fc\u015fteri ile otel aras\u0131nda do\u011fabilecek uyu\u015fmazl\u0131klarda \u00a0m\u00fc\u015fterinin,<\/p>\n<p>\u201dT\u00fcketici Mahkemesi \u2018ne veya T\u00fcketici Hakem Heyeti\u2019ne ba\u015fvuru yolu a\u00e7\u0131kt\u0131r. Buraya ba\u015fvurmadan evvel \u015fikayetini yaz\u0131l\u0131 olarak otelin m\u00fc\u015fteri hizmetlerine kay\u0131tl\u0131 yollamas\u0131 ve otele\u00a0 14 i\u015f g\u00fcn\u00fc cevap s\u00fcresi vermesi uyu\u015fmazl\u0131klar\u0131n giderilmesinde iyi niyet g\u00f6stergesi olarak kabul edilir.<\/p>\n<p>&nbsp;<\/p>\n","protected":false},"excerpt":{"rendered":"MADDE\u00a0 1\u00a0 \/ TARAFLAR 1.1.\u0130\u015fbu s\u00f6zle\u015fme bir tarafta 640 sokak no 7 Arapsuyu mah.Konyaalt\u0131 \/ ANTALYA\u00a0 adresinde yerle\u015fik 0 242 999 04 24 telefon numaras\u0131\u00a0 ve ANTALYA KURUMLAR V.D.7640367426 numaras\u0131na sahip SERTO\u011eLU \u00d6ZEL SA\u011eLIK H\u0130Z.MED\u0130KAL \u00dcR\u00dcN.EMLAK YAT.\u0130N\u015e.TAAH.TUR\u0130ZM SAN.T\u0130C.LTD.\u015eT\u0130 . ile di\u011fer bir tarafta sistemi kullanarak rezervasyon yapan, t\u00fcm ki\u015fisel bilgilerini girmek ve onaylamak suretiyle a\u015fa\u011f\u0131daki&hellip;","protected":false},"author":1,"featured_media":0,"parent":0,"menu_order":0,"comment_status":"closed","ping_status":"closed","template":"","meta":{"footnotes":""},"aioseo_notices":[],"_links":{"self":[{"href":"https:\/\/www.stilesuite.com\/marine\/wp-json\/wp\/v2\/pages\/313"}],"collection":[{"href":"https:\/\/www.stilesuite.com\/marine\/wp-json\/wp\/v2\/pages"}],"about":[{"href":"https:\/\/www.stilesuite.com\/marine\/wp-json\/wp\/v2\/types\/page"}],"author":[{"embeddable":true,"href":"https:\/\/www.stilesuite.com\/marine\/wp-json\/wp\/v2\/users\/1"}],"replies":[{"embeddable":true,"href":"https:\/\/www.stilesuite.com\/marine\/wp-json\/wp\/v2\/comments?post=313"}],"version-history":[{"count":4,"href":"https:\/\/www.stilesuite.com\/marine\/wp-json\/wp\/v2\/pages\/313\/revisions"}],"predecessor-version":[{"id":458,"href":"https:\/\/www.stilesuite.com\/marine\/wp-json\/wp\/v2\/pages\/313\/revisions\/458"}],"wp:attachment":[{"href":"https:\/\/www.stilesuite.com\/marine\/wp-json\/wp\/v2\/media?parent=313"}],"curies":[{"name":"wp","href":"https:\/\/api.w.org\/{rel}","templated":true}]}}